{"id":171,"date":"2014-10-24T11:30:58","date_gmt":"2014-10-24T11:30:58","guid":{"rendered":"https:\/\/demo.proteusthemes.com\/buildpress\/?page_id=171"},"modified":"2015-08-04T18:52:54","modified_gmt":"2015-08-04T18:52:54","slug":"sobre-nos","status":"publish","type":"page","link":"https:\/\/alumac.ind.br\/locadora\/?page_id=171","title":{"rendered":"Sobre n\u00f3s"},"content":{"rendered":"<div id=\"pl-171\"  class=\"panel-layout\" ><div id=\"pg-171-0\"  class=\"panel-grid panel-no-style\" ><div id=\"pgc-171-0-0\"  class=\"panel-grid-cell\" ><div id=\"panel-171-0-0-0\" class=\"so-panel widget widget_black-studio-tinymce widget_black_studio_tinymce panel-first-child panel-last-child\" data-index=\"0\" ><div class=\"textwidget\"><h3>A ALUMAC \u00e9 uma empresa especializada em loca\u00e7\u00f5es e vendas de equipamentos para constru\u00e7\u00e3o civil.<\/h3>\n<h3>H\u00e1 mais de 15\u00a0anos no mercado de servi\u00e7os em loca\u00e7\u00f5es e vendas de equipamentos para constru\u00e7\u00e3o civil na regi\u00e3o metropolitana de Goi\u00e2nia, Sa\u00edmos na frente quando a presta\u00e7\u00e3o de servi\u00e7os em loca\u00e7\u00f5es e vendas de equipamentos era muito restrita no mercado local.<\/h3>\n<h3>Ao longo do tempo fomos ampliando nossos horizontes, buscando solu\u00e7\u00f5es inovadoras.<\/h3>\n<h3>O aprimoramento dos servi\u00e7os e produtos, conhecimento t\u00e9cnico e excelente atendimento, vem consolidando cada vez mais a integra\u00e7\u00e3o cliente-empresa.<br \/> \u00c9 por isso que a ALUMAC vem cumprindo sua miss\u00e3o em satisfazer seus clientes, tornando-se uma empresa de refer\u00eancia na \u00e1rea.<\/h3>\n<h3>Nos agradecemos a todos os clientes e colaboradores pelo\u00a0sucesso!<\/h3>\n<\/div><\/div><\/div><div id=\"pgc-171-0-1\"  class=\"panel-grid-cell\" ><div id=\"panel-171-0-1-0\" class=\"so-panel widget widget_black-studio-tinymce widget_black_studio_tinymce panel-first-child panel-last-child\" data-index=\"1\" ><div class=\"textwidget\"><p><a href=\"http:\/\/alumac.ind.br\/locadora\/wp-content\/uploads\/2015\/07\/locadora_maquinas_construcao_goiania.fw_.png\"><img loading=\"lazy\" decoding=\"async\" class=\"  wp-image-2511 aligncenter\" src=\"http:\/\/alumac.ind.br\/locadora\/wp-content\/uploads\/2015\/07\/locadora_maquinas_construcao_goiania.fw_.png\" alt=\"locadora_maquinas_construcao_goiania\" width=\"427\" height=\"213\" \/><\/a><\/p>\n<\/div><\/div><\/div><\/div><\/div>","protected":false},"excerpt":{"rendered":"<p>A ALUMAC \u00e9 uma empresa especializada em loca\u00e7\u00f5es e vendas de equipamentos para constru\u00e7\u00e3o civil.H\u00e1 mais de 15\u00a0anos no mercado de servi\u00e7os em loca\u00e7\u00f5es e vendas de equipamentos para constru\u00e7\u00e3o civil na regi\u00e3o metropolitana de Goi\u00e2nia, Sa\u00edmos na frente quando a presta\u00e7\u00e3o de servi\u00e7os em loca\u00e7\u00f5es e vendas de equipamentos era muito restrita no mercado &hellip;<\/p>\n","protected":false},"author":1,"featured_media":0,"parent":0,"menu_order":0,"comment_status":"closed","ping_status":"closed","template":"","meta":{"_joinchat":[],"footnotes":""},"class_list":["post-171","page","type-page","status-publish","hentry"],"_links":{"self":[{"href":"https:\/\/alumac.ind.br\/locadora\/index.php?rest_route=\/wp\/v2\/pages\/171","targetHints":{"allow":["GET"]}}],"collection":[{"href":"https:\/\/alumac.ind.br\/locadora\/index.php?rest_route=\/wp\/v2\/pages"}],"about":[{"href":"https:\/\/alumac.ind.br\/locadora\/index.php?rest_route=\/wp\/v2\/types\/page"}],"author":[{"embeddable":true,"href":"https:\/\/alumac.ind.br\/locadora\/index.php?rest_route=\/wp\/v2\/users\/1"}],"replies":[{"embeddable":true,"href":"https:\/\/alumac.ind.br\/locadora\/index.php?rest_route=%2Fwp%2Fv2%2Fcomments&post=171"}],"version-history":[{"count":2,"href":"https:\/\/alumac.ind.br\/locadora\/index.php?rest_route=\/wp\/v2\/pages\/171\/revisions"}],"predecessor-version":[{"id":2678,"href":"https:\/\/alumac.ind.br\/locadora\/index.php?rest_route=\/wp\/v2\/pages\/171\/revisions\/2678"}],"wp:attachment":[{"href":"https:\/\/alumac.ind.br\/locadora\/index.php?rest_route=%2Fwp%2Fv2%2Fmedia&parent=171"}],"curies":[{"name":"wp","href":"https:\/\/api.w.org\/{rel}","templated":true}]}}