{"id":2719,"date":"2020-11-26T20:24:39","date_gmt":"2020-11-26T20:24:39","guid":{"rendered":"https:\/\/alumac.ind.br\/locadora\/?page_id=2719"},"modified":"2020-11-27T15:58:28","modified_gmt":"2020-11-27T15:58:28","slug":"contato","status":"publish","type":"page","link":"https:\/\/alumac.ind.br\/locadora\/?page_id=2719","title":{"rendered":"Contato"},"content":{"rendered":"<div id=\"pl-29\" class=\"panel-layout\">\n<div id=\"pg-29-0\" class=\"panel-grid panel-has-style\" data-style=\"{&quot;background_display&quot;:&quot;tile&quot;,&quot;row_stretch&quot;:&quot;full-stretched&quot;}\">\n<div class=\"siteorigin-panels-stretch panel-row-style panel-row-style-for-29-0\" data-stretch-type=\"full-stretched\">\n<div id=\"pgc-29-0-0\" class=\"panel-grid-cell\" data-weight=\"1\"><\/div>\n<\/div>\n<\/div>\n<div id=\"pg-29-1\" class=\"panel-grid panel-no-style\">\n<div id=\"pgc-29-1-0\" class=\"panel-grid-cell\" data-weight=\"1\">\n<div id=\"panel-29-1-0-1\" class=\"so-panel widget widget_text panel-last-child\" data-index=\"2\" data-style=\"{&quot;background_display&quot;:&quot;tile&quot;}\">\n<h3 class=\"widget-title\"><\/h3>\n<div class=\"textwidget\"><\/div>\n<\/div>\n<\/div>\n<\/div>\n<div id=\"pg-29-2\" class=\"panel-grid panel-no-style\" data-style=\"{&quot;background_display&quot;:&quot;tile&quot;}\">\n<div id=\"pgc-29-2-0\" class=\"panel-grid-cell\" data-weight=\"0.249999998125\">\n<div id=\"panel-29-2-0-0\" class=\"so-panel widget widget_text panel-first-child\" data-index=\"3\" data-style=\"{&quot;background_display&quot;:&quot;tile&quot;}\">\n<div class=\"textwidget\"><b>Avenida Marco Polo n\u00ba97 c\/ Rua Napoli Qd.51, Lt.07 <\/b><br \/>\nJardim Planalto &#8211; Goi\u00e2nia &#8211; GO CEP.: 74.333-030<br \/>\n<b>(62) 3287.6590<\/b><br \/>\n<b>(62) 3287.0668<\/b><br \/>\n<a href=\"mailto:alumacandaimes@hotmail.com\">alumacandaimes@hotmail.com<\/a><br \/>\n<b>Hor\u00e1rio de Atendimento<\/b><br \/>\nSeg. a Sexta: 07h \u00e0s 18h<\/div>\n<\/div>\n<div id=\"panel-29-2-0-1\" class=\"so-panel widget widget_pt_social_icons widget-social-icons panel-last-child\" data-index=\"4\" data-style=\"{&quot;background_display&quot;:&quot;tile&quot;}\">\t\t\t\t<a class=\"social-icons__link\" href=\"https:\/\/www.facebook.com\/pages\/Alumac\/409176432599057\" target=\"_blank\"><i class=\"fa  fa-facebook\"><\/i><\/a>\n\t\t\t\t\t\t\t<a class=\"social-icons__link\" href=\"https:\/\/plus.google.com\/105958717802522304733\/about\" target=\"_blank\"><i class=\"fa  fa-google-plus\"><\/i><\/a>\n\t\t\t<\/div>\n<\/div>\n<div id=\"pgc-29-2-1\" class=\"panel-grid-cell\" data-weight=\"0.750000001875\">\n<div id=\"panel-29-2-1-0\" class=\"so-panel widget widget_text panel-first-child panel-last-child\" data-index=\"5\" data-style=\"{&quot;background_display&quot;:&quot;tile&quot;}\">\n<div class=\"textwidget\">\n<div id=\"wpcf7-f2152-o2\" class=\"wpcf7\" dir=\"ltr\" lang=\"en-US\" role=\"form\">\n<div class=\"screen-reader-response\">\n<p role=\"status\" aria-live=\"polite\" aria-atomic=\"true\">\n<\/div>\n<form class=\"wpcf7-form init\" action=\"\/locadora\/wp-admin\/post.php#wpcf7-f2152-o2\" method=\"post\" novalidate=\"novalidate\" data-status=\"init\">\n<div style=\"display: none;\"><input name=\"_wpcf7\" type=\"hidden\" value=\"2152\" \/><br \/>\n<input name=\"_wpcf7_version\" type=\"hidden\" value=\"5.3\" \/><br \/>\n<input name=\"_wpcf7_locale\" type=\"hidden\" value=\"en_US\" \/><br \/>\n<input name=\"_wpcf7_unit_tag\" type=\"hidden\" value=\"wpcf7-f2152-o2\" \/><br \/>\n<input name=\"_wpcf7_container_post\" type=\"hidden\" value=\"0\" \/><br \/>\n<input name=\"_wpcf7_posted_data_hash\" type=\"hidden\" value=\"\" \/><\/div>\n<div class=\"row\">\n<div class=\"col-xs-12 col-sm-4\"><span class=\"wpcf7-form-control-wrap your-name\"><input class=\"wpcf7-form-control wpcf7-text wpcf7-validates-as-required\" name=\"your-name\" size=\"40\" type=\"text\" value=\"\" placeholder=\"Nome\" aria-required=\"true\" aria-invalid=\"false\" \/><\/span><br \/>\n<span class=\"wpcf7-form-control-wrap your-email\"><input class=\"wpcf7-form-control wpcf7-text wpcf7-email wpcf7-validates-as-required wpcf7-validates-as-email\" name=\"your-email\" size=\"40\" type=\"email\" value=\"\" placeholder=\"E-mail\" aria-required=\"true\" aria-invalid=\"false\" \/><\/span><br \/>\n<span class=\"wpcf7-form-control-wrap your-subject\"><input class=\"wpcf7-form-control wpcf7-text\" name=\"your-subject\" size=\"40\" type=\"text\" value=\"\" placeholder=\"Assunto\" aria-invalid=\"false\" \/><\/span><\/div>\n<div class=\"col-xs-12 col-sm-8\"><span class=\"wpcf7-form-control-wrap your-message\"><textarea class=\"wpcf7-form-control wpcf7-textarea\" cols=\"40\" name=\"your-message\" rows=\"10\" placeholder=\"Message\" aria-invalid=\"false\"><\/textarea><\/span><br \/>\n<input class=\"wpcf7-form-control wpcf7-submit btn btn-primary\" type=\"submit\" value=\"ENVIAR MENSAGEM\" \/><\/div>\n<\/div>\n<div class=\"wpcf7-response-output\" aria-hidden=\"true\"><\/div>\n<div aria-hidden=\"true\"><\/div>\n<\/form>\n<\/div>\n<\/div>\n<\/div>\n<\/div>\n<\/div>\n<\/div>\n","protected":false},"excerpt":{"rendered":"<p>Avenida Marco Polo n\u00ba97 c\/ Rua Napoli Qd.51, Lt.07 Jardim Planalto &#8211; Goi\u00e2nia &#8211; GO CEP.: 74.333-030 (62) 3287.6590 (62) 3287.0668 alumacandaimes@hotmail.com Hor\u00e1rio de Atendimento Seg. a Sexta: 07h \u00e0s 18h<\/p>\n","protected":false},"author":1,"featured_media":0,"parent":0,"menu_order":0,"comment_status":"closed","ping_status":"closed","template":"template-builder-page.php","meta":{"_joinchat":[],"footnotes":""},"class_list":["post-2719","page","type-page","status-publish","hentry"],"_links":{"self":[{"href":"https:\/\/alumac.ind.br\/locadora\/index.php?rest_route=\/wp\/v2\/pages\/2719","targetHints":{"allow":["GET"]}}],"collection":[{"href":"https:\/\/alumac.ind.br\/locadora\/index.php?rest_route=\/wp\/v2\/pages"}],"about":[{"href":"https:\/\/alumac.ind.br\/locadora\/index.php?rest_route=\/wp\/v2\/types\/page"}],"author":[{"embeddable":true,"href":"https:\/\/alumac.ind.br\/locadora\/index.php?rest_route=\/wp\/v2\/users\/1"}],"replies":[{"embeddable":true,"href":"https:\/\/alumac.ind.br\/locadora\/index.php?rest_route=%2Fwp%2Fv2%2Fcomments&post=2719"}],"version-history":[{"count":2,"href":"https:\/\/alumac.ind.br\/locadora\/index.php?rest_route=\/wp\/v2\/pages\/2719\/revisions"}],"predecessor-version":[{"id":2727,"href":"https:\/\/alumac.ind.br\/locadora\/index.php?rest_route=\/wp\/v2\/pages\/2719\/revisions\/2727"}],"wp:attachment":[{"href":"https:\/\/alumac.ind.br\/locadora\/index.php?rest_route=%2Fwp%2Fv2%2Fmedia&parent=2719"}],"curies":[{"name":"wp","href":"https:\/\/api.w.org\/{rel}","templated":true}]}}