{"id":7,"date":"2014-10-15T12:59:47","date_gmt":"2014-10-15T12:59:47","guid":{"rendered":"https:\/\/demo.proteusthemes.com\/buildpress\/?page_id=7"},"modified":"2015-08-04T20:17:41","modified_gmt":"2015-08-04T20:17:41","slug":"front-page","status":"publish","type":"page","link":"https:\/\/alumac.ind.br\/locadora\/","title":{"rendered":"Alumac Locadora de Equipamentos para Contru\u00e7\u00e3o Goi\u00e2nia"},"content":{"rendered":"<div id=\"pl-7\"  class=\"panel-layout\" ><div id=\"pg-7-0\"  class=\"panel-grid panel-has-style\" ><div class=\"siteorigin-panels-stretch panel-row-style panel-row-style-for-7-0\" data-stretch-type=\"full\" ><div id=\"pgc-7-0-0\"  class=\"panel-grid-cell\" ><div id=\"panel-7-0-0-0\" class=\"so-panel widget widget_pt_banner widget-banner panel-first-child panel-last-child\" data-index=\"0\" >\t\t\t\t<div class=\"banner__text\">\n\t\t\t\t\t\u00c0 procura de uma empresa de loca\u00e7\u00e3o de equipamentos para constru\u00e7\u00e3o?\t\t\t\t<\/div>\n\t\t\t\t<div class=\"banner__buttons\">\n\t\t\t\t\t<a class=\"btn  btn-primary\" href=\"contact-us\" target=\"_self\">SOLICITE UM OR\u00c7AMENTO<\/a>   <a class=\"btn  btn-default\" href=\"produtos\" target=\"_self\">CONFIRA NOSSOS PRODUTOS<\/a>\t\t\t\t<\/div>\n\t\t\t<\/div><\/div><\/div><\/div><div id=\"pg-7-1\"  class=\"panel-grid panel-no-style\" ><div id=\"pgc-7-1-0\"  class=\"panel-grid-cell\" ><div id=\"panel-7-1-0-0\" class=\"so-panel widget widget_text panel-first-child\" data-index=\"1\" >\t\t\t<div class=\"textwidget\"><\/div>\n\t\t<\/div><div id=\"panel-7-1-0-1\" class=\"so-panel widget widget_black-studio-tinymce widget_black_studio_tinymce panel-last-child\" data-index=\"2\" ><h3 class=\"widget-title\">Por que nos Escolher<\/h3><div class=\"textwidget\"><h5><span style=\"color: #fcc71f;\"><br \/> <span class=\"icon-container\"><span class=\"fa fa-check\"><\/span><\/span><\/span> <span style=\"color: #333333;\">SOMOS APAIXONADOS<\/span><\/h5>\n<p>Temos um hist\u00f3rico comprovado de realiza\u00e7\u00f5es\u00a0e somos uma empresa\u00a0respeit\u00e1vel no estado\u00a0. N\u00f3s garantimos que nossos\u00a0equipamentos s\u00e3o de qualidade , oferecendo aos nossos clientes apoio e acessibilidade.<\/p>\n<h5><span style=\"color: #fcc71f;\"><br \/> <span class=\"icon-container\"><span class=\"fa fa-check\"><\/span><\/span><\/span> HONESTIDADE E CONFIABILIDADE<\/h5>\n<p>Para n\u00f3s, a honestidade \u00e9 a \u00fanica pol\u00edtica e n\u00f3s nos esfor\u00e7amos para garantir\u00a0o melhor atendimento a todos os clientes, n\u00e3o apenas com os nossos clientes, mas tamb\u00e9m os nossos fornecedores e colaboradores.<\/p>\n<h5><span style=\"color: #fcc71f;\"><br \/> <span class=\"icon-container\"><span class=\"fa fa-check\"><\/span><\/span><\/span> ESTAMOS SEMPRE MELHORANDO<\/h5>\n<p>N\u00f3s nos comprometemos em garantir a pontualidade na entrega e o melhor desempenho de\u00a0todos nossos equipamentos na sua obra.<\/p>\n<\/div><\/div><\/div><div id=\"pgc-7-1-1\"  class=\"panel-grid-cell\" ><div id=\"panel-7-1-1-0\" class=\"so-panel widget widget_text panel-first-child\" data-index=\"3\" >\t\t\t<div class=\"textwidget\"><\/div>\n\t\t<\/div><div id=\"panel-7-1-1-1\" class=\"so-panel widget widget_black-studio-tinymce widget_black_studio_tinymce panel-last-child\" data-index=\"4\" ><h3 class=\"widget-title\">Quem Somos?<\/h3><div class=\"textwidget\"><p style=\"text-align: left;\"><a href=\"http:\/\/alumac.ind.br\/locadora\/wp-content\/uploads\/2014\/10\/normatizacao.jpg\"><img loading=\"lazy\" decoding=\"async\" class=\"  wp-image-2690 alignleft\" src=\"http:\/\/alumac.ind.br\/locadora\/wp-content\/uploads\/2014\/10\/alumac_goiania-300x169.jpg\" alt=\"alumac_goiania\" width=\"297\" height=\"188\" \/><img loading=\"lazy\" decoding=\"async\" class=\" size-medium wp-image-2529 alignleft\" src=\"http:\/\/alumac.ind.br\/locadora\/wp-content\/uploads\/2014\/10\/normatizacao-300x199.jpg\" alt=\"normatizacao\" width=\"300\" height=\"199\" srcset=\"https:\/\/alumac.ind.br\/locadora\/wp-content\/uploads\/2014\/10\/normatizacao-300x199.jpg 300w, https:\/\/alumac.ind.br\/locadora\/wp-content\/uploads\/2014\/10\/normatizacao-1024x680.jpg 1024w, https:\/\/alumac.ind.br\/locadora\/wp-content\/uploads\/2014\/10\/normatizacao-360x240.jpg 360w, https:\/\/alumac.ind.br\/locadora\/wp-content\/uploads\/2014\/10\/normatizacao-555x369.jpg 555w\" sizes=\"auto, (max-width: 300px) 100vw, 300px\" \/><\/a>A ALUMAC\u00a0\u00e9 uma empresa especializada em loca\u00e7\u00f5es e vendas de equipamentos para constru\u00e7\u00e3o civil.<\/p>\n<p style=\"text-align: left;\">H\u00e1 mais de 15\u00a0anos no mercado de servi\u00e7os em loca\u00e7\u00f5es e vendas de equipamentos para constru\u00e7\u00e3o civil na\u00a0regi\u00e3o metropolitana de Goi\u00e2nia, Sa\u00edmos na frete quando a presta\u00e7\u00e3o de servi\u00e7os em loca\u00e7\u00e3o\u00a0ainda era muito restrita no mercado local.<\/p>\n<p style=\"text-align: left;\">Ao longo do tempo fomos ampliando nossos horizontes, buscando solu\u00e7\u00f5es inovadoras e parcerias\u00a0comerciais e ind\u00fastrias.<\/p>\n<p><strong style=\"line-height: 1.5;\"><a href=\"sobre-nos\">SAIBA MAIS<\/a><\/strong><\/p>\n<\/div><\/div><\/div><\/div><\/div>","protected":false},"excerpt":{"rendered":"<p>SOMOS APAIXONADOSTemos um hist\u00f3rico comprovado de realiza\u00e7\u00f5es\u00a0e somos uma empresa\u00a0respeit\u00e1vel no estado\u00a0. N\u00f3s garantimos que nossos\u00a0equipamentos s\u00e3o de qualidade , oferecendo aos nossos clientes apoio e acessibilidade. HONESTIDADE E CONFIABILIDADEPara n\u00f3s, a honestidade \u00e9 a \u00fanica pol\u00edtica e n\u00f3s nos esfor\u00e7amos para garantir\u00a0o melhor atendimento a todos os clientes, n\u00e3o apenas com os nossos clientes, &hellip;<\/p>\n","protected":false},"author":1,"featured_media":0,"parent":0,"menu_order":0,"comment_status":"closed","ping_status":"closed","template":"template-front-page-slider.php","meta":{"_joinchat":[],"footnotes":""},"class_list":["post-7","page","type-page","status-publish","hentry"],"_links":{"self":[{"href":"https:\/\/alumac.ind.br\/locadora\/index.php?rest_route=\/wp\/v2\/pages\/7","targetHints":{"allow":["GET"]}}],"collection":[{"href":"https:\/\/alumac.ind.br\/locadora\/index.php?rest_route=\/wp\/v2\/pages"}],"about":[{"href":"https:\/\/alumac.ind.br\/locadora\/index.php?rest_route=\/wp\/v2\/types\/page"}],"author":[{"embeddable":true,"href":"https:\/\/alumac.ind.br\/locadora\/index.php?rest_route=\/wp\/v2\/users\/1"}],"replies":[{"embeddable":true,"href":"https:\/\/alumac.ind.br\/locadora\/index.php?rest_route=%2Fwp%2Fv2%2Fcomments&post=7"}],"version-history":[{"count":2,"href":"https:\/\/alumac.ind.br\/locadora\/index.php?rest_route=\/wp\/v2\/pages\/7\/revisions"}],"predecessor-version":[{"id":2679,"href":"https:\/\/alumac.ind.br\/locadora\/index.php?rest_route=\/wp\/v2\/pages\/7\/revisions\/2679"}],"wp:attachment":[{"href":"https:\/\/alumac.ind.br\/locadora\/index.php?rest_route=%2Fwp%2Fv2%2Fmedia&parent=7"}],"curies":[{"name":"wp","href":"https:\/\/api.w.org\/{rel}","templated":true}]}}